{"id":25,"date":"2019-04-05T20:40:50","date_gmt":"2019-04-05T20:40:50","guid":{"rendered":"https:\/\/uwm211.org\/?page_id=25"},"modified":"2024-12-11T09:56:38","modified_gmt":"2024-12-11T17:56:38","slug":"about","status":"publish","type":"page","link":"https:\/\/uwm211.org\/es\/sobre\/","title":{"rendered":"Sobre el 211"},"content":{"rendered":"<h1>\n\t\t211 is a free, comprehensive information and referral system&#8230;\n\t<\/h1>\n<p>Powered by United Way of the Midlands, 211 is a one-stop source of information for people in need of assistance. When you reach out to 211, they&#8217;ll assess your situation and then utilize an extensive, up-to-date database to find the best resource(s) to meet your needs. They act as a single point of contact for thousands of health and human service programs, community services, disaster services and governmental programs.<\/p>\n\t\t\t\t<img loading=\"lazy\" decoding=\"async\" src=\"https:\/\/uwm211.org\/wp-content\/uploads\/2024\/06\/211-logo-211.svg\" alt=\"211-logo-211\" itemprop=\"image\" height=\"200\" width=\"363\" title=\"211-logo-211\" onerror=\"this.style.display='none'\"  \/>\n\t\u00bfC\u00f3mo puedo contactar al 2-1-1? La ayuda est\u00e1 disponible en todo el estado utilizando estos m\u00e9todos:\n\t\t\t\t<a href=\"tel:211\" target=\"_self\" itemprop=\"url\">\n\t\t\t\t<img loading=\"lazy\" decoding=\"async\" src=\"https:\/\/uwm211.org\/wp-content\/uploads\/2024\/06\/call-211.svg\" alt=\"call-211\" itemprop=\"image\" height=\"200\" width=\"200\" title=\"call-211\" onerror=\"this.style.display='none'\"  \/>\n\t\t\t\t<\/a>\n<h4><a href=\"tel:211\" target=\"_self\">Llamar al 2-1-1<\/a><\/h4><p>Toll-free: <a href=\"tel:+18668131731\">866-813-1731<\/a><\/p>\n\t\t\t\t<a href=\"sms:898211\" target=\"_self\" itemprop=\"url\">\n\t\t\t\t<img loading=\"lazy\" decoding=\"async\" src=\"https:\/\/uwm211.org\/wp-content\/uploads\/2024\/06\/sms-211.svg\" alt=\"sms-211\" itemprop=\"image\" height=\"200\" width=\"200\" title=\"sms-211\" onerror=\"this.style.display='none'\"  \/>\n\t\t\t\t<\/a>\n<h4><a href=\"sms:898211\" target=\"_self\">Texto &quot;Ayuda&quot;<\/a><\/h4>Text your ZIP to:<br \/>\n<a href=\"sms:898211\">898211<\/a>\n\t\t\t\t<a href=\"https:\/\/search.ne211.org\/\" target=\"_blank\" rel=\"noopener\" itemprop=\"url\">\n\t\t\t\t<img loading=\"lazy\" decoding=\"async\" src=\"https:\/\/uwm211.org\/wp-content\/uploads\/2024\/06\/search-211.svg\" alt=\"search-211\" itemprop=\"image\" height=\"200\" width=\"200\" title=\"search-211\" onerror=\"this.style.display='none'\"  \/>\n\t\t\t\t<\/a>\n<h4><a href=\"https:\/\/search.ne211.org\/\" target=\"_blank\" rel=\"noopener\">Busque en<\/a><\/h4><p>Motor de b\u00fasqueda en l\u00ednea<\/p>\n\t\t\t\t<a href=\"https:\/\/home-c32.nice-incontact.com\/incontact\/chatclient\/chatclient.aspx?poc=4272867e-b92a-4dfd-adbc-04882f43f931&#038;bu=4598966\" target=\"_blank\" rel=\"noopener\" itemprop=\"url\">\n\t\t\t\t<img loading=\"lazy\" decoding=\"async\" src=\"https:\/\/uwm211.org\/wp-content\/uploads\/2024\/06\/chat-211.svg\" alt=\"chat-211\" itemprop=\"image\" height=\"200\" width=\"200\" title=\"chat-211\" onerror=\"this.style.display='none'\"  \/>\n\t\t\t\t<\/a>\n<h4><a href=\"https:\/\/home-c32.nice-incontact.com\/incontact\/chatclient\/chatclient.aspx?poc=4272867e-b92a-4dfd-adbc-04882f43f931&#038;bu=4598966\" target=\"_blank\" rel=\"noopener\">Chat en vivo<\/a><\/h4>De 7 am a 10 pm, los 7 d\u00edas de la semana.\n\t\t\t\t<a href=\"https:\/\/uwm211.org\/es\/contacto\/\" target=\"_self\" itemprop=\"url\">\n\t\t\t\t<img loading=\"lazy\" decoding=\"async\" src=\"https:\/\/uwm211.org\/wp-content\/uploads\/2024\/06\/email-211.svg\" alt=\"email-211\" itemprop=\"image\" height=\"200\" width=\"200\" title=\"email-211\" onerror=\"this.style.display='none'\"  \/>\n\t\t\t\t<\/a>\n<h4><a href=\"https:\/\/uwm211.org\/es\/contacto\/\" target=\"_self\">Env\u00ede un correo electr\u00f3nico a<\/a><\/h4>Permita un d\u00eda h\u00e1bil.\n<h2>\n\t\t<b>211 can offer referrals to these types of services<\/b>\n\t<\/h2>\n\t\t<h3>Basic Human Needs:<\/h3><p>Alimento<\/p>\n<p>Clothing<\/p>\n<p>Shelters<\/p>\n<p>Rent assistance<\/p>\n<p>Utility assistance<\/p>\n\t\t<h3>Health Insurance Programs:<\/h3><p>Medical Clinics<\/p>\n<p>Immunizations<\/p>\n<p>Medicaid and Medicare<\/p>\n<p>Maternal health care<\/p>\n<p>Mental Health Counseling<\/p>\n\t\t<h3>Employment Supports<\/h3><p>Job training<\/p>\n<p>Educational programs<\/p>\n\t\t<h3>Support for Children, Youth &#038; Families:<\/h3><p>Summer Meal Programs<\/p>\n<p>Head Start<\/p>\n<p>Child Care<\/p>\n<p>Holiday assistance<\/p>\n<p>School Supplies<\/p>\n\t\t<h3>Support for Older Americans &#038; Persons with Disabilities:<\/h3><p>Congregate or Home Delivered Meals<\/p>\n<p>In-home Supports<\/p>\n<p>Transportation<\/p>\n<p>Respite Care<\/p>\n<h2>\n\t\tEstamos aqu\u00ed cuando ocurren las emergencias.\n\t<\/h2>\n\t211 <b>is a partner in the state&#8217;s emergency management plan, as well as city and county plans across the midlands.<\/b>\n\t211 <b>tiene la capacidad de movilizarse en todo el estado en tiempos de desastre. El 211 es miembro de VOAD (Organizaciones Voluntarias Activas en Cat\u00e1strofes) y es capaz de proporcionar referencias durante una crisis o cat\u00e1strofe.<\/b>\n\t211<b> alivia la presi\u00f3n sobre el sistema telef\u00f3nico 9-1-1 para las llamadas no urgentes.<\/b>\n\t211<b> es un punto de contacto central para que los responsables de las emergencias compartan informaci\u00f3n actualizada sobre la ubicaci\u00f3n de los refugios, la evacuaci\u00f3n, las rutas, los cierres de carreteras y los avisos de salud p\u00fablica.<\/b>\n\t211 <b>ha sido un recurso fundamental para la difusi\u00f3n de informaci\u00f3n y remisiones relacionadas con la pandemia de COVID-19, las vacunaciones, las inundaciones, los huracanes, las erupciones y otras emergencias.<\/b>\n\t\t\t\t<img loading=\"lazy\" decoding=\"async\" src=\"https:\/\/uwm211.org\/wp-content\/uploads\/2023\/10\/Inform-USA_Accredited.png\" alt=\"Inform USA_Accredited\" itemprop=\"image\" height=\"603\" width=\"550\" title=\"Inform USA_Accredited\" onerror=\"this.style.display='none'\"  \/>\n\t<h3>211 is Inform USA Accredited<\/h3>\n<p>The holder of this digital badge has been accredited by Inform USA (<a href=\"https:\/\/www.informusa.org\/\" target=\"_blank\" rel=\"noopener\">www.informusa.org<\/a>). Inform USA Accreditation is for programs operating within the community\/social service\/health sectors that have proven their ability to meet the Inform USA Standards and Quality Indicators for Professional Information and Referral (<a href=\"https:\/\/www.informusa.org\/standards\" target=\"_blank\" rel=\"noopener\">www.informusa.org\/standards<\/a>).<\/p>","protected":false},"excerpt":{"rendered":"<p>211 is a free, comprehensive information and referral system&#8230; Powered by United Way of the Midlands, 211 is a one-stop source of information for people in need of assistance. When you reach out to 211, they&#8217;ll assess your situation and then utilize an extensive, up-to-date database to find the best resource(s) to meet your needs.&hellip;<\/p>","protected":false},"author":1,"featured_media":4027,"parent":0,"menu_order":0,"comment_status":"closed","ping_status":"closed","template":"","meta":{"footnotes":""},"page_tag":[],"class_list":["post-25","page","type-page","status-publish","has-post-thumbnail","hentry"],"_links":{"self":[{"href":"https:\/\/uwm211.org\/es\/wp-json\/wp\/v2\/pages\/25","targetHints":{"allow":["GET"]}}],"collection":[{"href":"https:\/\/uwm211.org\/es\/wp-json\/wp\/v2\/pages"}],"about":[{"href":"https:\/\/uwm211.org\/es\/wp-json\/wp\/v2\/types\/page"}],"author":[{"embeddable":true,"href":"https:\/\/uwm211.org\/es\/wp-json\/wp\/v2\/users\/1"}],"replies":[{"embeddable":true,"href":"https:\/\/uwm211.org\/es\/wp-json\/wp\/v2\/comments?post=25"}],"version-history":[{"count":61,"href":"https:\/\/uwm211.org\/es\/wp-json\/wp\/v2\/pages\/25\/revisions"}],"predecessor-version":[{"id":4532,"href":"https:\/\/uwm211.org\/es\/wp-json\/wp\/v2\/pages\/25\/revisions\/4532"}],"wp:featuredmedia":[{"embeddable":true,"href":"https:\/\/uwm211.org\/es\/wp-json\/wp\/v2\/media\/4027"}],"wp:attachment":[{"href":"https:\/\/uwm211.org\/es\/wp-json\/wp\/v2\/media?parent=25"}],"wp:term":[{"taxonomy":"page_tag","embeddable":true,"href":"https:\/\/uwm211.org\/es\/wp-json\/wp\/v2\/page_tag?post=25"}],"curies":[{"name":"wp","href":"https:\/\/api.w.org\/{rel}","templated":true}]}}