{"id":3146,"date":"2022-03-16T20:00:54","date_gmt":"2022-03-17T03:00:54","guid":{"rendered":"https:\/\/uwm211.org\/?page_id=3146"},"modified":"2024-10-09T22:40:57","modified_gmt":"2024-10-10T05:40:57","slug":"tips-for-search","status":"publish","type":"page","link":"https:\/\/uwm211.org\/es\/consejos-para-buscar\/","title":{"rendered":"Consejos para la b\u00fasqueda"},"content":{"rendered":"<h3>Escanea los recursos disponibles por categor\u00eda.<\/h3>\n<p>Puede buscar por categor\u00eda de servicio seleccionando primero la ubicaci\u00f3n y luego haciendo clic en el enlace en la lista de categor\u00edas en la parte inferior de la p\u00e1gina.<\/p>\n\t<h3>Filtre los resultados por su \u00e1rea local.<\/h3>\n<p>Select the location that you want to search. If you have location services enabled on your phone or computer, the location will be automatically selected for you. If you leave the location field blank, it will include the entire service area.<\/p>\n\t<h3>Utilice las sugerencias desplegables.<\/h3>\n<p>Al escribir un t\u00e9rmino de b\u00fasqueda, aparece una lista desplegable debajo del t\u00e9rmino. Seleccionar una de estas sugerencias generalmente genera mejores resultados que una simple b\u00fasqueda por palabra clave.<\/p>\n\t<h3>Agregue palabras clave para obtener resultados m\u00e1s relevantes.<\/h3>\n<p>Por ejemplo, buscar &quot;comida&quot; en el c\u00f3digo postal 96804 puede arrojar 162 resultados. La b\u00fasqueda de &quot;despensas de alimentos&quot; en el mismo c\u00f3digo postal puede arrojar 35 resultados.<\/p>","protected":false},"excerpt":{"rendered":"<p>Scan available resources by category. You can search by service category by first selecting location and then clicking the link in the category list at the bottom of the page. Filter results by your local area. Select the location that you want to search. If you have location services enabled on your phone or computer,&hellip;<\/p>","protected":false},"author":1,"featured_media":4392,"parent":0,"menu_order":0,"comment_status":"closed","ping_status":"closed","template":"","meta":{"footnotes":""},"page_tag":[],"class_list":["post-3146","page","type-page","status-publish","has-post-thumbnail","hentry"],"_links":{"self":[{"href":"https:\/\/uwm211.org\/es\/wp-json\/wp\/v2\/pages\/3146","targetHints":{"allow":["GET"]}}],"collection":[{"href":"https:\/\/uwm211.org\/es\/wp-json\/wp\/v2\/pages"}],"about":[{"href":"https:\/\/uwm211.org\/es\/wp-json\/wp\/v2\/types\/page"}],"author":[{"embeddable":true,"href":"https:\/\/uwm211.org\/es\/wp-json\/wp\/v2\/users\/1"}],"replies":[{"embeddable":true,"href":"https:\/\/uwm211.org\/es\/wp-json\/wp\/v2\/comments?post=3146"}],"version-history":[{"count":8,"href":"https:\/\/uwm211.org\/es\/wp-json\/wp\/v2\/pages\/3146\/revisions"}],"predecessor-version":[{"id":4296,"href":"https:\/\/uwm211.org\/es\/wp-json\/wp\/v2\/pages\/3146\/revisions\/4296"}],"wp:featuredmedia":[{"embeddable":true,"href":"https:\/\/uwm211.org\/es\/wp-json\/wp\/v2\/media\/4392"}],"wp:attachment":[{"href":"https:\/\/uwm211.org\/es\/wp-json\/wp\/v2\/media?parent=3146"}],"wp:term":[{"taxonomy":"page_tag","embeddable":true,"href":"https:\/\/uwm211.org\/es\/wp-json\/wp\/v2\/page_tag?post=3146"}],"curies":[{"name":"wp","href":"https:\/\/api.w.org\/{rel}","templated":true}]}}