{"id":12,"date":"2018-10-28T20:35:06","date_gmt":"2018-10-28T20:35:06","guid":{"rendered":"https:\/\/uwm211.org\/?page_id=12"},"modified":"2025-08-11T14:06:49","modified_gmt":"2025-08-11T21:06:49","slug":"home","status":"publish","type":"page","link":"https:\/\/uwm211.org\/vi\/","title":{"rendered":"Nh\u00e0"},"content":{"rendered":"<h1>\n\t\t\t211 Serving Nebraska, Iowa &#038; Illinois\t<\/h1>\n\tWith resources in <strong>food, shelter, utility assistance, and much more,<\/strong><br \/>\n<strong>211<\/strong> is here to help you find what you are looking for.\n\t<p><em><strong>To search for resources online, click on your state below.<\/strong><\/em><\/p>\n\t\t\t\t<a href=\"https:\/\/uwm211.org\/vi\/nebraska-programs\/\"  target=\"_self\" itemprop=\"url\">\n\t\t\t\t<img decoding=\"async\" src=\"https:\/\/uwm211.org\/wp-content\/uploads\/2024\/11\/Nebraska-Outline-Button-1.png\" alt=\"Nebraska Outline Button\" itemprop=\"image\" height=\"1563\" width=\"2500\" title=\"Nebraska Outline Button\" onerror=\"this.style.display='none'\" loading=\"lazy\" \/>\n\t\t\t\t<\/a>\n\t\t\t\t<a href=\"https:\/\/211iowa.org\/\" target=\"_blank\" rel=\"noopener\" itemprop=\"url\">\n\t\t\t\t<img decoding=\"async\" src=\"https:\/\/uwm211.org\/wp-content\/uploads\/2024\/11\/Iowa-Outline-Button-1.png\" alt=\"Iowa Outline Button\" itemprop=\"image\" height=\"1563\" width=\"2500\" title=\"Iowa Outline Button\" onerror=\"this.style.display='none'\" loading=\"lazy\" \/>\n\t\t\t\t<\/a>\n\t\t\t\t<a href=\"https:\/\/uwm211.org\/vi\/trang-chu\/\" target=\"_self\" itemprop=\"url\">\n\t\t\t\t<img decoding=\"async\" src=\"https:\/\/uwm211.org\/wp-content\/uploads\/2025\/03\/211-Illinois-Outline-3.png\" alt=\"211 Illinois Outline\" itemprop=\"image\" height=\"2107\" width=\"1188\" title=\"211 Illinois Outline\" onerror=\"this.style.display='none'\" loading=\"lazy\" \/>\n\t\t\t\t<\/a>\n\t<h3>L\u00e0m th\u1ebf n\u00e0o ch\u00fang ta c\u00f3 th\u1ec3 gi\u00fap \u0111\u1ee1?<\/h3>\nCh\u1ecdn m\u1ed9t ph\u01b0\u01a1ng ph\u00e1p ph\u00f9 h\u1ee3p nh\u1ea5t v\u1edbi b\u1ea1n.<br \/>\nKhi b\u1ea1n g\u1ecdi, m\u1ed9t gi\u1ecdng n\u00f3i tr\u1ef1c ti\u1ebfp \u1edf \u0111\u1ea7u d\u00e2y b\u00ean kia - s\u1eb5n s\u00e0ng tr\u1ee3 gi\u00fap.\u00a0\n\t\t\t\t<a href=\"\/vi\/\u0111i\u1ec7n tho\u1ea1i: 211\/\" target=\"_self\" itemprop=\"url\">\n\t\t\t\t<img decoding=\"async\" src=\"https:\/\/uwm211.org\/wp-content\/uploads\/2024\/06\/call-211.svg\" alt=\"call-211\" itemprop=\"image\" height=\"200\" width=\"200\" title=\"call-211\" onerror=\"this.style.display='none'\" loading=\"lazy\" \/>\n\t\t\t\t<\/a>\n<h4><a href=\"\/vi\/\u0111i\u1ec7n tho\u1ea1i: 211\/\" target=\"_self\">G\u1ecdi 2-1-1<\/a><\/h4><p>Toll-free: <a href=\"tel:+18668131731\">866-813-1731<\/a><\/p>\n\t\t\t\t<a href=\"sms:898211\"  target=\"_self\" itemprop=\"url\">\n\t\t\t\t<img decoding=\"async\" src=\"https:\/\/uwm211.org\/wp-content\/uploads\/2024\/06\/sms-211.svg\" alt=\"sms-211\" itemprop=\"image\" height=\"200\" width=\"200\" title=\"sms-211\" onerror=\"this.style.display='none'\" loading=\"lazy\" \/>\n\t\t\t\t<\/a>\n<h4><a href=\"sms:898211\" target=\"_self\">Nh\u1eafn tin \u201cTr\u1ee3 gi\u00fap\u201d<\/a><\/h4>Text your ZIP to:<br \/>\n<a href=\"sms:898211\">898211<\/a>\n\t\t\t\t<a href=\"https:\/\/search.ne211.org\/\" target=\"_blank\" rel=\"noopener\" itemprop=\"url\">\n\t\t\t\t<img decoding=\"async\" src=\"https:\/\/uwm211.org\/wp-content\/uploads\/2024\/06\/search-211.svg\" alt=\"search-211\" itemprop=\"image\" height=\"200\" width=\"200\" title=\"search-211\" onerror=\"this.style.display='none'\" loading=\"lazy\" \/>\n\t\t\t\t<\/a>\n<h4><a href=\"https:\/\/search.ne211.org\/\" target=\"_blank\" rel=\"noopener\">T\u00ecm ki\u1ebfm<\/a><\/h4><p>C\u00f4ng c\u1ee5 T\u00ecm ki\u1ebfm Tr\u1ef1c tuy\u1ebfn<\/p>\n\t\t\t\t<a href=\"https:\/\/home-c32.nice-incontact.com\/incontact\/chatclient\/chatclient.aspx?poc=4272867e-b92a-4dfd-adbc-04882f43f931&#038;bu=4598966\" target=\"_blank\" rel=\"noopener\" itemprop=\"url\">\n\t\t\t\t<img decoding=\"async\" src=\"https:\/\/uwm211.org\/wp-content\/uploads\/2024\/06\/chat-211.svg\" alt=\"chat-211\" itemprop=\"image\" height=\"200\" width=\"200\" title=\"chat-211\" onerror=\"this.style.display='none'\" loading=\"lazy\" \/>\n\t\t\t\t<\/a>\n<h4><a href=\"https:\/\/home-c32.nice-incontact.com\/incontact\/chatclient\/chatclient.aspx?poc=4272867e-b92a-4dfd-adbc-04882f43f931&#038;bu=4598966\" target=\"_blank\" rel=\"noopener\">Tr\u00f2 chuy\u1ec7n tr\u1ef1c ti\u1ebfp<\/a><\/h4>7 gi\u1edd s\u00e1ng - 10 gi\u1edd t\u1ed1i, 7 ng\u00e0y m\u1ed9t tu\u1ea7n.\n\t\t\t\t<a href=\"https:\/\/uwm211.org\/vi\/tiep-xuc\/\" target=\"_self\" itemprop=\"url\">\n\t\t\t\t<img decoding=\"async\" src=\"https:\/\/uwm211.org\/wp-content\/uploads\/2024\/06\/email-211.svg\" alt=\"email-211\" itemprop=\"image\" height=\"200\" width=\"200\" title=\"email-211\" onerror=\"this.style.display='none'\" loading=\"lazy\" \/>\n\t\t\t\t<\/a>\n<h4><a href=\"https:\/\/uwm211.org\/vi\/tiep-xuc\/\" target=\"_self\">E-mail<\/a><\/h4>Cho ph\u00e9p m\u1ed9t ng\u00e0y l\u00e0m vi\u1ec7c.\n<h2>\n\t\t\t211 Partner Programs\t<\/h2>\n\t<p>Explore current 211 partner programs in Nebraska and Iowa. Here, you can find up-to-date information on support services and essential programs available across your state.<\/p>\n\t\t\t<a href=\"https:\/\/211iowa.org\/\" target=\"_blank\" rel=\"noopener\">\n\t\t\t\t\t\tIowa 211 Partner Programs\n\t\t\t\t\t<\/a>\n\t\t\t<a href=\"https:\/\/uwm211.org\/vi\/nebraska-programs\/\" target=\"_self\">\n\t\t\t\t\t\tNebraska 211 Partner Programs\n\t\t\t\t\t<\/a>\n<h2>\n\t\t\tA Critical Connection To Your Community\t<\/h2>\n\t<p>Our 211 staff are trained and accredited for keeping your directory resources updated. We also handle referrals into the communities they serve adding another layer real-world expertise and information into the database. Make sure your services are listed, and let your community know to call &#8220;211&#8221;.<\/p>\n\t\t\t<a href=\"https:\/\/uwm211.org\/vi\/nha-cung-cap\/\" target=\"_self\">\n\t\t\t\t\t\tTh\u00eam ho\u1eb7c c\u1eadp nh\u1eadt c\u00e1c c\u01a1 quan v\u00e0 ch\u01b0\u01a1ng tr\u00ecnh.\n\t\t\t\t\t<\/a>\n\t\t\t<a href=\"https:\/\/uwm211.org\/vi\/outreach-toolkit\/\" target=\"_self\">\n\t\t\t\t\t\tOutreach Toolkit\n\t\t\t\t\t<\/a>\n<h2>\n\t\t\tT\u1ea1o \u1ea3nh h\u01b0\u1edfng \u0111\u1ebfn c\u1ed9ng \u0111\u1ed3ng c\u1ee7a ch\u00fang t\u00f4i.\t<\/h2>\n\t<p>211 connects communities with whole person help, from basic needs and transportation to legal or disaster services. By anonymously tracking what is requested and where, we are also able to an in-depth look at underserved areas and populations of need.<\/p>\n\t\t\t<a href=\"https:\/\/uwm211.org\/vi\/ve\/\" target=\"_self\">\n\t\t\t\t\t\tLearn about United Way of the Midlands 211\n\t\t\t\t\t<\/a>\n\t\t\t<a href=\"https:\/\/uwm211.org\/vi\/impact-dashboards\/\" target=\"_self\">\n\t\t\t\t\t\tView Impact Dashboards\n\t\t\t\t\t<\/a>","protected":false},"excerpt":{"rendered":"<p>211 Serving Nebraska, Iowa &#038; Illinois With resources in food, shelter, utility assistance, and much more, 211 is here to help you find what you are looking for. To search for resources online, click on your state below. How can we help? Select a method that works best for you. When you call, a live&hellip;<\/p>","protected":false},"author":1,"featured_media":0,"parent":0,"menu_order":0,"comment_status":"closed","ping_status":"closed","template":"","meta":{"footnotes":""},"page_tag":[],"class_list":["post-12","page","type-page","status-publish","hentry"],"_links":{"self":[{"href":"https:\/\/uwm211.org\/vi\/wp-json\/wp\/v2\/pages\/12","targetHints":{"allow":["GET"]}}],"collection":[{"href":"https:\/\/uwm211.org\/vi\/wp-json\/wp\/v2\/pages"}],"about":[{"href":"https:\/\/uwm211.org\/vi\/wp-json\/wp\/v2\/types\/page"}],"author":[{"embeddable":true,"href":"https:\/\/uwm211.org\/vi\/wp-json\/wp\/v2\/users\/1"}],"replies":[{"embeddable":true,"href":"https:\/\/uwm211.org\/vi\/wp-json\/wp\/v2\/comments?post=12"}],"version-history":[{"count":226,"href":"https:\/\/uwm211.org\/vi\/wp-json\/wp\/v2\/pages\/12\/revisions"}],"predecessor-version":[{"id":4860,"href":"https:\/\/uwm211.org\/vi\/wp-json\/wp\/v2\/pages\/12\/revisions\/4860"}],"wp:attachment":[{"href":"https:\/\/uwm211.org\/vi\/wp-json\/wp\/v2\/media?parent=12"}],"wp:term":[{"taxonomy":"page_tag","embeddable":true,"href":"https:\/\/uwm211.org\/vi\/wp-json\/wp\/v2\/page_tag?post=12"}],"curies":[{"name":"wp","href":"https:\/\/api.w.org\/{rel}","templated":true}]}}