{"id":25,"date":"2019-04-05T20:40:50","date_gmt":"2019-04-05T20:40:50","guid":{"rendered":"https:\/\/uwm211.org\/?page_id=25"},"modified":"2024-12-11T09:56:38","modified_gmt":"2024-12-11T17:56:38","slug":"about","status":"publish","type":"page","link":"https:\/\/uwm211.org\/vi\/ve\/","title":{"rendered":"Kho\u1ea3ng 211"},"content":{"rendered":"<h1>\n\t\t211 is a free, comprehensive information and referral system&#8230;\n\t<\/h1>\n<p>Powered by United Way of the Midlands, 211 is a one-stop source of information for people in need of assistance. When you reach out to 211, they&#8217;ll assess your situation and then utilize an extensive, up-to-date database to find the best resource(s) to meet your needs. They act as a single point of contact for thousands of health and human service programs, community services, disaster services and governmental programs.<\/p>\n\t\t\t\t<img loading=\"lazy\" decoding=\"async\" src=\"https:\/\/uwm211.org\/wp-content\/uploads\/2024\/06\/211-logo-211.svg\" alt=\"211-logo-211\" itemprop=\"image\" height=\"200\" width=\"363\" title=\"211-logo-211\" onerror=\"this.style.display='none'\"  \/>\n\tT\u00f4i c\u00f3 th\u1ec3 li\u00ean h\u1ec7 v\u1edbi 2-1-1 b\u1eb1ng c\u00e1ch n\u00e0o? Tr\u1ee3 gi\u00fap c\u00f3 s\u1eb5n tr\u00ean to\u00e0n ti\u1ec3u bang b\u1eb1ng c\u00e1ch s\u1eed d\u1ee5ng c\u00e1c ph\u01b0\u01a1ng ph\u00e1p sau:\n\t\t\t\t<a href=\"\/vi\/\u0111i\u1ec7n tho\u1ea1i: 211\/\" target=\"_self\" itemprop=\"url\">\n\t\t\t\t<img loading=\"lazy\" decoding=\"async\" src=\"https:\/\/uwm211.org\/wp-content\/uploads\/2024\/06\/call-211.svg\" alt=\"call-211\" itemprop=\"image\" height=\"200\" width=\"200\" title=\"call-211\" onerror=\"this.style.display='none'\"  \/>\n\t\t\t\t<\/a>\n<h4><a href=\"\/vi\/\u0111i\u1ec7n tho\u1ea1i: 211\/\" target=\"_self\">G\u1ecdi 2-1-1<\/a><\/h4><p>Toll-free: <a href=\"tel:+18668131731\">866-813-1731<\/a><\/p>\n\t\t\t\t<a href=\"sms:898211\" target=\"_self\" itemprop=\"url\">\n\t\t\t\t<img loading=\"lazy\" decoding=\"async\" src=\"https:\/\/uwm211.org\/wp-content\/uploads\/2024\/06\/sms-211.svg\" alt=\"sms-211\" itemprop=\"image\" height=\"200\" width=\"200\" title=\"sms-211\" onerror=\"this.style.display='none'\"  \/>\n\t\t\t\t<\/a>\n<h4><a href=\"sms:898211\" target=\"_self\">Nh\u1eafn tin \u201cTr\u1ee3 gi\u00fap\u201d<\/a><\/h4>Text your ZIP to:<br \/>\n<a href=\"sms:898211\">898211<\/a>\n\t\t\t\t<a href=\"https:\/\/search.ne211.org\/\" target=\"_blank\" rel=\"noopener\" itemprop=\"url\">\n\t\t\t\t<img loading=\"lazy\" decoding=\"async\" src=\"https:\/\/uwm211.org\/wp-content\/uploads\/2024\/06\/search-211.svg\" alt=\"search-211\" itemprop=\"image\" height=\"200\" width=\"200\" title=\"search-211\" onerror=\"this.style.display='none'\"  \/>\n\t\t\t\t<\/a>\n<h4><a href=\"https:\/\/search.ne211.org\/\" target=\"_blank\" rel=\"noopener\">T\u00ecm ki\u1ebfm<\/a><\/h4><p>C\u00f4ng c\u1ee5 T\u00ecm ki\u1ebfm Tr\u1ef1c tuy\u1ebfn<\/p>\n\t\t\t\t<a href=\"https:\/\/home-c32.nice-incontact.com\/incontact\/chatclient\/chatclient.aspx?poc=4272867e-b92a-4dfd-adbc-04882f43f931&#038;bu=4598966\" target=\"_blank\" rel=\"noopener\" itemprop=\"url\">\n\t\t\t\t<img loading=\"lazy\" decoding=\"async\" src=\"https:\/\/uwm211.org\/wp-content\/uploads\/2024\/06\/chat-211.svg\" alt=\"chat-211\" itemprop=\"image\" height=\"200\" width=\"200\" title=\"chat-211\" onerror=\"this.style.display='none'\"  \/>\n\t\t\t\t<\/a>\n<h4><a href=\"https:\/\/home-c32.nice-incontact.com\/incontact\/chatclient\/chatclient.aspx?poc=4272867e-b92a-4dfd-adbc-04882f43f931&#038;bu=4598966\" target=\"_blank\" rel=\"noopener\">Tr\u00f2 chuy\u1ec7n tr\u1ef1c ti\u1ebfp<\/a><\/h4>7 gi\u1edd s\u00e1ng - 10 gi\u1edd t\u1ed1i, 7 ng\u00e0y m\u1ed9t tu\u1ea7n.\n\t\t\t\t<a href=\"https:\/\/uwm211.org\/vi\/tiep-xuc\/\" target=\"_self\" itemprop=\"url\">\n\t\t\t\t<img loading=\"lazy\" decoding=\"async\" src=\"https:\/\/uwm211.org\/wp-content\/uploads\/2024\/06\/email-211.svg\" alt=\"email-211\" itemprop=\"image\" height=\"200\" width=\"200\" title=\"email-211\" onerror=\"this.style.display='none'\"  \/>\n\t\t\t\t<\/a>\n<h4><a href=\"https:\/\/uwm211.org\/vi\/tiep-xuc\/\" target=\"_self\">E-mail<\/a><\/h4>Cho ph\u00e9p m\u1ed9t ng\u00e0y l\u00e0m vi\u1ec7c.\n<h2>\n\t\t<b>211 can offer referrals to these types of services<\/b>\n\t<\/h2>\n\t\t<h3>Basic Human Needs:<\/h3><p>M\u00f3n \u0103n<\/p>\n<p>Clothing<\/p>\n<p>Shelters<\/p>\n<p>Rent assistance<\/p>\n<p>Utility assistance<\/p>\n\t\t<h3>Health Insurance Programs:<\/h3><p>Medical Clinics<\/p>\n<p>Immunizations<\/p>\n<p>Medicaid and Medicare<\/p>\n<p>Maternal health care<\/p>\n<p>Mental Health Counseling<\/p>\n\t\t<h3>Employment Supports<\/h3><p>Job training<\/p>\n<p>Educational programs<\/p>\n\t\t<h3>Support for Children, Youth &#038; Families:<\/h3><p>Summer Meal Programs<\/p>\n<p>Head Start<\/p>\n<p>Child Care<\/p>\n<p>Holiday assistance<\/p>\n<p>School Supplies<\/p>\n\t\t<h3>Support for Older Americans &#038; Persons with Disabilities:<\/h3><p>Congregate or Home Delivered Meals<\/p>\n<p>In-home Supports<\/p>\n<p>Transportation<\/p>\n<p>Respite Care<\/p>\n<h2>\n\t\tCh\u00fang t\u00f4i \u1edf \u0111\u00e2y khi t\u00ecnh hu\u1ed1ng kh\u1ea9n c\u1ea5p x\u1ea3y ra.\n\t<\/h2>\n\t211 <b>is a partner in the state&#8217;s emergency management plan, as well as city and county plans across the midlands.<\/b>\n\t211 <b>c\u00f3 kh\u1ea3 n\u0103ng huy \u0111\u1ed9ng to\u00e0n ti\u1ec3u bang trong th\u1eddi gian thi\u00ean tai. 211 l\u00e0 th\u00e0nh vi\u00ean c\u1ee7a VOAD (T\u1ed5 ch\u1ee9c T\u00ecnh nguy\u1ec7n Ho\u1ea1t \u0111\u1ed9ng trong Th\u1ea3m h\u1ecda) v\u00e0 c\u00f3 th\u1ec3 cung c\u1ea5p gi\u1edbi thi\u1ec7u trong th\u1eddi gian x\u1ea3y ra kh\u1ee7ng ho\u1ea3ng ho\u1eb7c th\u1ea3m h\u1ecda.<\/b>\n\t211<b> gi\u1ea3m \u00e1p l\u1ef1c cho h\u1ec7 th\u1ed1ng \u0111i\u1ec7n tho\u1ea1i 9-1-1 \u0111\u1ed1i v\u1edbi c\u00e1c cu\u1ed9c g\u1ecdi kh\u00f4ng kh\u1ea9n c\u1ea5p.<\/b>\n\t211<b> l\u00e0 \u0111\u1ea7u m\u1ed1i li\u00ean l\u1ea1c trung t\u00e2m cho nh\u1eefng ng\u01b0\u1eddi \u1ee9ng c\u1ee9u kh\u1ea9n c\u1ea5p \u0111\u1ec3 chia s\u1ebb th\u00f4ng tin c\u1eadp nh\u1eadt v\u1ec1 c\u00e1c v\u1ecb tr\u00ed tr\u00fa \u1ea9n, s\u01a1 t\u00e1n, c\u00e1c tuy\u1ebfn \u0111\u01b0\u1eddng, c\u00e1c tuy\u1ebfn \u0111\u01b0\u1eddng b\u1ecb c\u1ea5m v\u00e0 c\u00e1c t\u01b0 v\u1ea5n s\u1ee9c kh\u1ecfe c\u1ed9ng \u0111\u1ed3ng.<\/b>\n\t211 <b>l\u00e0 m\u1ed9t ngu\u1ed3n l\u1ef1c quan tr\u1ecdng \u0111\u1ec3 ph\u1ed5 bi\u1ebfn th\u00f4ng tin v\u00e0 gi\u1edbi thi\u1ec7u li\u00ean quan \u0111\u1ebfn \u0111\u1ea1i d\u1ecbch COVID-19, ti\u00eam ch\u1ee7ng, l\u0169 l\u1ee5t, b\u00e3o, phun tr\u00e0o v\u00e0 c\u00e1c tr\u01b0\u1eddng h\u1ee3p kh\u1ea9n c\u1ea5p kh\u00e1c.<\/b>\n\t\t\t\t<img loading=\"lazy\" decoding=\"async\" src=\"https:\/\/uwm211.org\/wp-content\/uploads\/2023\/10\/Inform-USA_Accredited.png\" alt=\"Inform USA_Accredited\" itemprop=\"image\" height=\"603\" width=\"550\" title=\"Inform USA_Accredited\" onerror=\"this.style.display='none'\"  \/>\n\t<h3>211 is Inform USA Accredited<\/h3>\n<p>The holder of this digital badge has been accredited by Inform USA (<a href=\"https:\/\/www.informusa.org\/\" target=\"_blank\" rel=\"noopener\">www.informusa.org<\/a>). Inform USA Accreditation is for programs operating within the community\/social service\/health sectors that have proven their ability to meet the Inform USA Standards and Quality Indicators for Professional Information and Referral (<a href=\"https:\/\/www.informusa.org\/standards\" target=\"_blank\" rel=\"noopener\">www.informusa.org\/standards<\/a>).<\/p>","protected":false},"excerpt":{"rendered":"<p>211 is a free, comprehensive information and referral system&#8230; Powered by United Way of the Midlands, 211 is a one-stop source of information for people in need of assistance. When you reach out to 211, they&#8217;ll assess your situation and then utilize an extensive, up-to-date database to find the best resource(s) to meet your needs.&hellip;<\/p>","protected":false},"author":1,"featured_media":4027,"parent":0,"menu_order":0,"comment_status":"closed","ping_status":"closed","template":"","meta":{"footnotes":""},"page_tag":[],"class_list":["post-25","page","type-page","status-publish","has-post-thumbnail","hentry"],"_links":{"self":[{"href":"https:\/\/uwm211.org\/vi\/wp-json\/wp\/v2\/pages\/25","targetHints":{"allow":["GET"]}}],"collection":[{"href":"https:\/\/uwm211.org\/vi\/wp-json\/wp\/v2\/pages"}],"about":[{"href":"https:\/\/uwm211.org\/vi\/wp-json\/wp\/v2\/types\/page"}],"author":[{"embeddable":true,"href":"https:\/\/uwm211.org\/vi\/wp-json\/wp\/v2\/users\/1"}],"replies":[{"embeddable":true,"href":"https:\/\/uwm211.org\/vi\/wp-json\/wp\/v2\/comments?post=25"}],"version-history":[{"count":61,"href":"https:\/\/uwm211.org\/vi\/wp-json\/wp\/v2\/pages\/25\/revisions"}],"predecessor-version":[{"id":4532,"href":"https:\/\/uwm211.org\/vi\/wp-json\/wp\/v2\/pages\/25\/revisions\/4532"}],"wp:featuredmedia":[{"embeddable":true,"href":"https:\/\/uwm211.org\/vi\/wp-json\/wp\/v2\/media\/4027"}],"wp:attachment":[{"href":"https:\/\/uwm211.org\/vi\/wp-json\/wp\/v2\/media?parent=25"}],"wp:term":[{"taxonomy":"page_tag","embeddable":true,"href":"https:\/\/uwm211.org\/vi\/wp-json\/wp\/v2\/page_tag?post=25"}],"curies":[{"name":"wp","href":"https:\/\/api.w.org\/{rel}","templated":true}]}}