{"id":3142,"date":"2022-03-16T19:42:48","date_gmt":"2022-03-17T02:42:48","guid":{"rendered":"https:\/\/uwm211.org\/?page_id=3142"},"modified":"2024-12-31T19:13:04","modified_gmt":"2025-01-01T03:13:04","slug":"donate","status":"publish","type":"page","link":"https:\/\/uwm211.org\/vi\/quyen-tang\/","title":{"rendered":"Donate to UWM 211"},"content":{"rendered":"<h2><strong>Ch\u00fang t\u00f4i tin t\u01b0\u1edfng v\u00e0o s\u1ef1 gi\u00fap \u0111\u1ee1 c\u1ee7a c\u1eadu<\/strong><\/h2>\n<p>This vital service is made possible through grants and donations. There is no other service like it available for the people of the Midlands. It is <strong>kh\u00f4ng ph\u1ea3i d\u1ecbch v\u1ee5 c\u1ee7a ch\u00ednh ph\u1ee7<\/strong> v\u00e0 \u0111\u00f3ng vai tr\u00f2 l\u00e0 c\u1ea7u n\u1ed1i gi\u1eefa con ng\u01b0\u1eddi v\u00e0 c\u00e1c ngu\u1ed3n l\u1ef1c trong c\u1ed9ng \u0111\u1ed3ng c\u1ee7a ch\u00fang t\u00f4i.<\/p>\n<p>The UWM 211 helpline also generates real-time data that helps inform policy decisions and response to community need. This service is a resource like no other.<\/p>\n<p>Thank you for your contribution!<\/p>\n\t<a href=\"#XNTJLPSL\"><\/a>","protected":false},"excerpt":{"rendered":"<p>We Rely on Your Support This vital service is made possible through grants and donations. There is no other service like it available for the people of the Midlands. It is not a government service and acts as a bridge between people and resources in our community. The UWM 211 helpline also generates real-time data&hellip;<\/p>","protected":false},"author":1,"featured_media":4115,"parent":0,"menu_order":0,"comment_status":"closed","ping_status":"closed","template":"","meta":{"footnotes":""},"page_tag":[],"class_list":["post-3142","page","type-page","status-publish","has-post-thumbnail","hentry"],"_links":{"self":[{"href":"https:\/\/uwm211.org\/vi\/wp-json\/wp\/v2\/pages\/3142","targetHints":{"allow":["GET"]}}],"collection":[{"href":"https:\/\/uwm211.org\/vi\/wp-json\/wp\/v2\/pages"}],"about":[{"href":"https:\/\/uwm211.org\/vi\/wp-json\/wp\/v2\/types\/page"}],"author":[{"embeddable":true,"href":"https:\/\/uwm211.org\/vi\/wp-json\/wp\/v2\/users\/1"}],"replies":[{"embeddable":true,"href":"https:\/\/uwm211.org\/vi\/wp-json\/wp\/v2\/comments?post=3142"}],"version-history":[{"count":16,"href":"https:\/\/uwm211.org\/vi\/wp-json\/wp\/v2\/pages\/3142\/revisions"}],"predecessor-version":[{"id":4654,"href":"https:\/\/uwm211.org\/vi\/wp-json\/wp\/v2\/pages\/3142\/revisions\/4654"}],"wp:featuredmedia":[{"embeddable":true,"href":"https:\/\/uwm211.org\/vi\/wp-json\/wp\/v2\/media\/4115"}],"wp:attachment":[{"href":"https:\/\/uwm211.org\/vi\/wp-json\/wp\/v2\/media?parent=3142"}],"wp:term":[{"taxonomy":"page_tag","embeddable":true,"href":"https:\/\/uwm211.org\/vi\/wp-json\/wp\/v2\/page_tag?post=3142"}],"curies":[{"name":"wp","href":"https:\/\/api.w.org\/{rel}","templated":true}]}}