{"id":3146,"date":"2022-03-16T20:00:54","date_gmt":"2022-03-17T03:00:54","guid":{"rendered":"https:\/\/uwm211.org\/?page_id=3146"},"modified":"2024-10-09T22:40:57","modified_gmt":"2024-10-10T05:40:57","slug":"tips-for-search","status":"publish","type":"page","link":"https:\/\/uwm211.org\/vi\/meo-tim-kiem\/","title":{"rendered":"M\u1eb9o cho T\u00ecm ki\u1ebfm"},"content":{"rendered":"<h3>Qu\u00e9t c\u00e1c t\u00e0i nguy\u00ean c\u00f3 s\u1eb5n theo danh m\u1ee5c.<\/h3>\n<p>B\u1ea1n c\u00f3 th\u1ec3 t\u00ecm ki\u1ebfm theo danh m\u1ee5c d\u1ecbch v\u1ee5 b\u1eb1ng c\u00e1ch ch\u1ecdn v\u1ecb tr\u00ed tr\u01b0\u1edbc ti\u00ean, sau \u0111\u00f3 nh\u1ea5p v\u00e0o li\u00ean k\u1ebft trong danh s\u00e1ch danh m\u1ee5c \u1edf cu\u1ed1i trang.<\/p>\n\t<h3>L\u1ecdc k\u1ebft qu\u1ea3 theo khu v\u1ef1c \u0111\u1ecba ph\u01b0\u01a1ng c\u1ee7a b\u1ea1n.<\/h3>\n<p>Select the location that you want to search. If you have location services enabled on your phone or computer, the location will be automatically selected for you. If you leave the location field blank, it will include the entire service area.<\/p>\n\t<h3>S\u1eed d\u1ee5ng c\u00e1c \u0111\u1ec1 xu\u1ea5t th\u1ea3 xu\u1ed1ng.<\/h3>\n<p>Khi nh\u1eadp m\u1ed9t c\u1ee5m t\u1eeb t\u00ecm ki\u1ebfm, m\u1ed9t danh s\u00e1ch th\u1ea3 xu\u1ed1ng s\u1ebd xu\u1ea5t hi\u1ec7n b\u00ean d\u01b0\u1edbi c\u1ee5m t\u1eeb \u0111\u00f3. Vi\u1ec7c ch\u1ecdn m\u1ed9t trong nh\u1eefng \u0111\u1ec1 xu\u1ea5t n\u00e0y th\u01b0\u1eddng t\u1ea1o ra k\u1ebft qu\u1ea3 t\u1ed1t h\u01a1n so v\u1edbi m\u1ed9t t\u00ecm ki\u1ebfm t\u1eeb kh\u00f3a \u0111\u01a1n gi\u1ea3n.<\/p>\n\t<h3>Th\u00eam t\u1eeb kh\u00f3a \u0111\u1ec3 nh\u1eadn \u0111\u01b0\u1ee3c nhi\u1ec1u k\u1ebft qu\u1ea3 ph\u00f9 h\u1ee3p h\u01a1n.<\/h3>\n<p>V\u00ed d\u1ee5: t\u00ecm ki\u1ebfm \u201c\u0111\u1ed3 \u0103n\u201d trong m\u00e3 zip 96804 c\u00f3 th\u1ec3 tr\u1ea3 v\u1ec1 162 k\u1ebft qu\u1ea3. T\u00ecm ki\u1ebfm \u201cc\u1eeda h\u00e0ng th\u1ef1c ph\u1ea9m\u201d trong c\u00f9ng m\u1ed9t m\u00e3 zip c\u00f3 th\u1ec3 tr\u1ea3 v\u1ec1 35 k\u1ebft qu\u1ea3.<\/p>","protected":false},"excerpt":{"rendered":"<p>Scan available resources by category. You can search by service category by first selecting location and then clicking the link in the category list at the bottom of the page. Filter results by your local area. Select the location that you want to search. If you have location services enabled on your phone or computer,&hellip;<\/p>","protected":false},"author":1,"featured_media":4392,"parent":0,"menu_order":0,"comment_status":"closed","ping_status":"closed","template":"","meta":{"footnotes":""},"page_tag":[],"class_list":["post-3146","page","type-page","status-publish","has-post-thumbnail","hentry"],"_links":{"self":[{"href":"https:\/\/uwm211.org\/vi\/wp-json\/wp\/v2\/pages\/3146","targetHints":{"allow":["GET"]}}],"collection":[{"href":"https:\/\/uwm211.org\/vi\/wp-json\/wp\/v2\/pages"}],"about":[{"href":"https:\/\/uwm211.org\/vi\/wp-json\/wp\/v2\/types\/page"}],"author":[{"embeddable":true,"href":"https:\/\/uwm211.org\/vi\/wp-json\/wp\/v2\/users\/1"}],"replies":[{"embeddable":true,"href":"https:\/\/uwm211.org\/vi\/wp-json\/wp\/v2\/comments?post=3146"}],"version-history":[{"count":8,"href":"https:\/\/uwm211.org\/vi\/wp-json\/wp\/v2\/pages\/3146\/revisions"}],"predecessor-version":[{"id":4296,"href":"https:\/\/uwm211.org\/vi\/wp-json\/wp\/v2\/pages\/3146\/revisions\/4296"}],"wp:featuredmedia":[{"embeddable":true,"href":"https:\/\/uwm211.org\/vi\/wp-json\/wp\/v2\/media\/4392"}],"wp:attachment":[{"href":"https:\/\/uwm211.org\/vi\/wp-json\/wp\/v2\/media?parent=3146"}],"wp:term":[{"taxonomy":"page_tag","embeddable":true,"href":"https:\/\/uwm211.org\/vi\/wp-json\/wp\/v2\/page_tag?post=3146"}],"curies":[{"name":"wp","href":"https:\/\/api.w.org\/{rel}","templated":true}]}}